{"id":26,"date":"2014-01-11T10:48:04","date_gmt":"2014-01-11T10:48:04","guid":{"rendered":"http:\/\/www.karateabc.com.br\/new\/?page_id=26"},"modified":"2014-01-23T18:43:01","modified_gmt":"2014-01-23T20:43:01","slug":"principal","status":"publish","type":"page","link":"https:\/\/www.karateabc.com.br\/new\/","title":{"rendered":"Principal"},"content":{"rendered":"<p><a href=\"http:\/\/www.karateabc.com.br\/new\/wp-content\/uploads\/2014\/01\/20131020_182151.jpg\"><img loading=\"lazy\" decoding=\"async\" class=\"aligncenter size-large wp-image-2682\" alt=\"20131020_182151\" src=\"http:\/\/www.karateabc.com.br\/new\/wp-content\/uploads\/2014\/01\/20131020_182151-1024x768.jpg\" width=\"1024\" height=\"768\" srcset=\"https:\/\/www.karateabc.com.br\/new\/wp-content\/uploads\/2014\/01\/20131020_182151-1024x768.jpg 1024w, https:\/\/www.karateabc.com.br\/new\/wp-content\/uploads\/2014\/01\/20131020_182151-300x225.jpg 300w\" sizes=\"auto, (max-width: 1024px) 100vw, 1024px\" \/><\/a>\u00a0<b><br \/>\n<\/b>A id\u00e9ia de abrir uma Academia de Artes Marciais, surgiu da necessidade de muitos alunos do Taiyokan que treinavam em escolas particulares de Santo Andr\u00e9, dos quais, j\u00e1 estavam competindo e conquistando v\u00e1rios t\u00edtulos, regionais, estaduais e nacionais, desta forma, portanto, necessitavam de um treinamento maior e viv\u00eancia mais aprofundada na arte do Karat\u00ea, para complementa\u00e7\u00e3o em seus conhecimentos.<\/p>\n<p>Nas escolas onde estes alunos estudavam, o Taiyokan era praticado apenas uma vez por semana, por conta da grade curricular da escola, mas os alunos que praticavam h\u00e1 v\u00e1rios anos sentiam a necessidade de ter mais treinos semanais, e pensando nesta equipe de alunos que a Academia Taiyokan de Artes Marciais foi inaugurada em 07\/03\/2009.<\/p>\n<p>Apesar de pouco tempo de exist\u00eancia, temos alunos que j\u00e1 praticam o Karat\u00ea com o Professor \u00c9dnei Albigezi, h\u00e1 mais de dez anos!<\/p>\n<p>No curso de Karat\u00ea, temos alunos de todas as faixas e idades, praticados por ambos os sexos!<\/p>\n<p>No primeiro ano de funcionamento da Academia fomos Campe\u00e3o Paulista, conquistamos o Bi Campeonato Brasileiro e fomos a \u00fanica equipe do Grande ABC, selecionada para participar da I Copa InterContinental de Artes Marciais, organizado pela ASAM (Associa\u00e7\u00e3o Sulamericana de Artes Marciais), em Assun\u00e7\u00e3o, Capital do Paraguai, conquistando sete trof\u00e9us de classifica\u00e7\u00e3o, sendo que nossa equipe participou com apenas quatro atletas! Com esta conquista, em 25 de fevereiro de 2010, tivemos uma grande cobertura jornal\u00edstica no jornal Di\u00e1rio do Grande Abc, maior jornal regional do Brasil! \u00a0(confira em imprensa).<\/p>\n<p>E com trabalho s\u00e9rio e dedicado com profissionais de alta capacidade, \u00e1rea de treinamento com tatame de EVA e equipamentos de prote\u00e7\u00e3o de alta qualidade, num ambiente limpo e familiar, com seguran\u00e7a e monitoramento 24hs pela Ituran Sistemas de Monitoramento e, facilidade de estacionamento em frente \u00e0 academia, n\u00f3s oferecemos \u00e0 popula\u00e7\u00e3o um ensinamento de artes marciais de alto n\u00edvel e credibilidade.<\/p>\n<p>A Academia Taiyokan de Artes Marciais vem conquistando espa\u00e7o e reconhecimento no mundo das Artes Marciais!<\/p>\n","protected":false},"excerpt":{"rendered":"<p>\u00a0 A id\u00e9ia de abrir uma Academia de Artes Marciais, surgiu da necessidade de muitos alunos do Taiyokan que treinavam em escolas particulares de Santo Andr\u00e9, dos quais, j\u00e1 estavam competindo e conquistando v\u00e1rios t\u00edtulos, regionais, estaduais e nacionais, desta forma, portanto, necessitavam de um treinamento maior e viv\u00eancia mais aprofundada na arte do Karat\u00ea, &hellip; <a href=\"https:\/\/www.karateabc.com.br\/new\/\" class=\"more-link\">Continuar a ler <span class=\"screen-reader-text\">Principal<\/span><\/a><\/p>\n","protected":false},"author":1,"featured_media":0,"parent":0,"menu_order":0,"comment_status":"closed","ping_status":"open","template":"","meta":{"_joinchat":[],"footnotes":""},"class_list":["post-26","page","type-page","status-publish","hentry"],"_links":{"self":[{"href":"https:\/\/www.karateabc.com.br\/new\/wp-json\/wp\/v2\/pages\/26","targetHints":{"allow":["GET"]}}],"collection":[{"href":"https:\/\/www.karateabc.com.br\/new\/wp-json\/wp\/v2\/pages"}],"about":[{"href":"https:\/\/www.karateabc.com.br\/new\/wp-json\/wp\/v2\/types\/page"}],"author":[{"embeddable":true,"href":"https:\/\/www.karateabc.com.br\/new\/wp-json\/wp\/v2\/users\/1"}],"replies":[{"embeddable":true,"href":"https:\/\/www.karateabc.com.br\/new\/wp-json\/wp\/v2\/comments?post=26"}],"version-history":[{"count":2,"href":"https:\/\/www.karateabc.com.br\/new\/wp-json\/wp\/v2\/pages\/26\/revisions"}],"predecessor-version":[{"id":2684,"href":"https:\/\/www.karateabc.com.br\/new\/wp-json\/wp\/v2\/pages\/26\/revisions\/2684"}],"wp:attachment":[{"href":"https:\/\/www.karateabc.com.br\/new\/wp-json\/wp\/v2\/media?parent=26"}],"curies":[{"name":"wp","href":"https:\/\/api.w.org\/{rel}","templated":true}]}}